{"id":5,"date":"2020-06-07T19:24:16","date_gmt":"2020-06-07T19:24:16","guid":{"rendered":"https:\/\/worldofaudiovisualmedi.live-website.com\/welcome-to-https-worldofaudiovisualmedi-live-website-com"},"modified":"2024-01-24T01:57:44","modified_gmt":"2024-01-23T23:57:44","slug":"welcome-to-https-worldofaudiovisualmedi-live-website-com-2","status":"publish","type":"page","link":"https:\/\/wavm.de\/en\/welcome-to-https-worldofaudiovisualmedi-live-website-com-2","title":{"rendered":"Impressum"},"content":{"rendered":"<p><strong>World of AudioViusal Media (WAVM)<\/strong><br>Dr.-Ing. Siegfried F\u00f6\u00dfel<br>Eskilstunastr. 31<br>91054 Erlangen<br>Telefon: Null-einhundertsechzig-siebzig-neunundvierzig-null-vierundsechzig<br>Email: siegfried.foessel(at)wavm.de<br>Webseite: <a href=\"htpps:\/\/www.wavm.de\">www.wavm.de <\/a><\/p>\n\n\n\n<p><strong>Redaktionsverantwortlich f\u00fcr die Webpr\u00e4senz der WAVM im Sinne des Presserechts:<\/strong><br>Dr.-Ing. Siegfried F\u00f6\u00dfel<br>Eskilstunastr. 31<br>91054 Erlangen<br>Email: siegfried.foessel(at)wavm.de<\/p>\n\n\n\n<p><strong>Nutzungsrechte:<\/strong><br>\u00a9 Siegfried F\u00f6\u00dfel<br>Alle Rechte vorbehalten. Die Urheberrechte dieser Webseite liegen vollst\u00e4ndig bei Siegfried F\u00f6\u00dfel. <br><br>Ein Download oder Ausdruck dieser Ver\u00f6ffentlichungen ist ausschlie\u00dflich f\u00fcr den pers\u00f6nlichen Gebrauch gestattet. Alle dar\u00fcber hinaus gehenden Verwendungen, insbesondere die kommerzielle Nutzung und Verbreitung, sind grunds\u00e4tzlich nicht gestattet und bed\u00fcrfen der schriftlichen Genehmigung.<\/p>\n\n\n\n<p><strong>Bilder:<\/strong><br>Wenn nicht anders vermerkt, werden entweder eigene Bilder verwendet oder Bilder von Pixabay,<\/p>\n\n\n\n<p><strong>Haftungshinweis:<\/strong><br>Das Internetangebot von WAVM enth\u00e4lt Links, die auf Internetseiten anderer Anbieter verweisen. Wenn Sie diesen Links folgen, verlassen Sie die Seiten von WAVM. WAVM ist f\u00fcr die Inhalte dieser fremden Seiten nicht verantwortlich und \u00fcbernimmt insoweit keine Haftung. <br><br>Wir sind bem\u00fcht, das Webangebot stets aktuell und inhaltlich richtig sowie vollst\u00e4ndig anzubieten. Dennoch ist das Auftreten von Fehlern nicht v\u00f6llig auszuschlie\u00dfen. Der Betreiber der WAVM \u00fcbernimmt keine Haftung f\u00fcr die Aktualit\u00e4t, die inhaltliche Richtigkeit sowie f\u00fcr die Vollst\u00e4ndigkeit der in ihrem Webangebot eingestellten Informationen. Dies bezieht sich auf eventuelle Sch\u00e4den materieller oder ideeller Art Dritter, die durch die Nutzung dieses Webangebotes verursacht wurden. <br><br>Gesch\u00fctzte Marken und Namen, Bilder und Texte werden auf unseren Seiten in der Regel nicht als solche kenntlich gemacht. Das Fehlen einer solchen Kennzeichnung bedeutet jedoch nicht, dass es sich um einen freien Namen, ein freies Bild oder einen freien Text im Sinne des Markenzeichenrechts handelt.<\/p>\n\n\n\n<p><strong>Social Media:<\/strong><br>Dieses Impressum gilt auch f\u00fcr folgende Telemedien:<br>&#8211; Twitter<br>&#8211; LinkedIn<br><br>Habt Spa\u00df!<\/p>","protected":false},"excerpt":{"rendered":"<p>World of AudioViusal Media (WAVM)Dr.-Ing. Siegfried F\u00f6\u00dfelEskilstunastr. 3191054 ErlangenTelefon: Null-einhundertsechzig-siebzig-neunundvierzig-null-vierundsechzigEmail: siegfried.foessel(at)wavm.deWebseite: www.wavm.de Redaktionsverantwortlich f\u00fcr die Webpr\u00e4senz der WAVM im Sinne des Presserechts:Dr.-Ing. Siegfried F\u00f6\u00dfelEskilstunastr. 3191054 ErlangenEmail: siegfried.foessel(at)wavm.de Nutzungsrechte:\u00a9 Siegfried F\u00f6\u00dfelAlle Rechte vorbehalten. Die Urheberrechte dieser Webseite liegen vollst\u00e4ndig bei Siegfried F\u00f6\u00dfel. Ein Download oder Ausdruck dieser Ver\u00f6ffentlichungen ist ausschlie\u00dflich f\u00fcr den pers\u00f6nlichen Gebrauch gestattet. Alle &#8230; <a title=\"Impressum\" class=\"read-more\" href=\"https:\/\/wavm.de\/en\/welcome-to-https-worldofaudiovisualmedi-live-website-com-2\" aria-label=\"Read more about Impressum\">Read more<\/a><\/p>","protected":false},"author":1,"featured_media":0,"parent":0,"menu_order":0,"comment_status":"closed","ping_status":"open","template":"","meta":{"footnotes":""},"folder":[],"class_list":["post-5","page","type-page","status-publish"],"_links":{"self":[{"href":"https:\/\/wavm.de\/en\/wp-json\/wp\/v2\/pages\/5","targetHints":{"allow":["GET"]}}],"collection":[{"href":"https:\/\/wavm.de\/en\/wp-json\/wp\/v2\/pages"}],"about":[{"href":"https:\/\/wavm.de\/en\/wp-json\/wp\/v2\/types\/page"}],"author":[{"embeddable":true,"href":"https:\/\/wavm.de\/en\/wp-json\/wp\/v2\/users\/1"}],"replies":[{"embeddable":true,"href":"https:\/\/wavm.de\/en\/wp-json\/wp\/v2\/comments?post=5"}],"version-history":[{"count":15,"href":"https:\/\/wavm.de\/en\/wp-json\/wp\/v2\/pages\/5\/revisions"}],"predecessor-version":[{"id":497,"href":"https:\/\/wavm.de\/en\/wp-json\/wp\/v2\/pages\/5\/revisions\/497"}],"wp:attachment":[{"href":"https:\/\/wavm.de\/en\/wp-json\/wp\/v2\/media?parent=5"}],"wp:term":[{"taxonomy":"folder","embeddable":true,"href":"https:\/\/wavm.de\/en\/wp-json\/wp\/v2\/folder?post=5"}],"curies":[{"name":"wp","href":"https:\/\/api.w.org\/{rel}","templated":true}]}}