{"id":406,"date":"2020-06-21T17:56:26","date_gmt":"2020-06-21T15:56:26","guid":{"rendered":"https:\/\/worldofaudiovisualmedi.live-website.com\/?page_id=406"},"modified":"2024-01-24T01:55:20","modified_gmt":"2024-01-23T23:55:20","slug":"standardization","status":"publish","type":"page","link":"https:\/\/wavm.de\/en\/standardization","title":{"rendered":"Standards"},"content":{"rendered":"<p>Standards sind f\u00fcr eine Interoperabilit\u00e4t zwischen Anwendungen unerl\u00e4\u00dflich. Nat\u00fcrlich k\u00f6nnen Firmen auch ihr eigenes Ecosystem verwenden, aber sp\u00e4testens wenn Daten oder Formate auch von anderen genutzt werden sollen, sind Standards hilfreich.<br \/>Es gibt verschiedene Arten von Standards:<br \/>&#8211; offizielle Standards auf nationaler und internationaler Ebene, bei der sich \u00f6ffentliche oder gemeinn\u00fctzige Organisationen zusammengetan haben, um Standards zu definieren<br \/>&#8211; Industriestandards, die auf der Absprache mehrerer Firmen beruhen,\u00a0 teilweise koordiniert von einer Organisation<\/p>\n<p>Zu den offiziellen Standards geh\u00f6ren DIN, CEN, ISO, IEC, ITU-T, SMPTE Standards. Zu den Industriestandards geh\u00f6ren AMWA, VSF, EBU, .. Bei neuen Themen schliessen sich oft Firmen zu einer Allianz zusammen, um die Interoperabilit\u00e4t zwischen Ger\u00e4ten sicherzustellen.<\/p>\n<p>F\u00fcr den Bereich der Medien sind folgende Gruppen besonders wichtig:<\/p>\n<ul>\n<li>ISO\/IEC JTC1 SC29 &#8211; Coding of audio, picture, multimedia and hypermedia information, Untergruppen sind JPEG und MPEG\n<ul>\n<li>SC29 <a href=\"https:\/\/www.itscj.ipsj.or.jp\/sc29\/\">https:\/\/www.itscj.ipsj.or.jp\/sc29<\/a><\/li>\n<li>JPEG\u00a0 <a href=\"https:\/\/www.jpeg.org\">https:\/\/www.jpeg.org<\/a><\/li>\n<li>MPEG <a href=\"https:\/\/mpeg.chiariglione.org\/\">https:\/\/mpeg.chiariglione<\/a><a href=\"https:\/\/mpeg.chiariglione.org\/\">.org<\/a><\/li>\n<\/ul>\n<\/li>\n<li>SMPTE &#8211; Society of Motion Picture and Television Engineers <a href=\"https:\/\/www.smpte.org\">https:\/\/www.smpte.org<\/a><\/li>\n<\/ul>\n<p>\u00a0<\/p>","protected":false},"excerpt":{"rendered":"<p>Standards sind f\u00fcr eine Interoperabilit\u00e4t zwischen Anwendungen unerl\u00e4\u00dflich. Nat\u00fcrlich k\u00f6nnen Firmen auch ihr eigenes Ecosystem verwenden, aber sp\u00e4testens wenn Daten oder Formate auch von anderen genutzt werden sollen, sind Standards hilfreich.Es gibt verschiedene Arten von Standards:&#8211; offizielle Standards auf nationaler und internationaler Ebene, bei der sich \u00f6ffentliche oder gemeinn\u00fctzige Organisationen zusammengetan haben, um Standards zu &#8230; <a title=\"Standards\" class=\"read-more\" href=\"https:\/\/wavm.de\/en\/standardization\" aria-label=\"Read more about Standards\">Read more<\/a><\/p>","protected":false},"author":1,"featured_media":0,"parent":0,"menu_order":0,"comment_status":"closed","ping_status":"closed","template":"","meta":{"footnotes":""},"folder":[],"class_list":["post-406","page","type-page","status-publish"],"_links":{"self":[{"href":"https:\/\/wavm.de\/en\/wp-json\/wp\/v2\/pages\/406","targetHints":{"allow":["GET"]}}],"collection":[{"href":"https:\/\/wavm.de\/en\/wp-json\/wp\/v2\/pages"}],"about":[{"href":"https:\/\/wavm.de\/en\/wp-json\/wp\/v2\/types\/page"}],"author":[{"embeddable":true,"href":"https:\/\/wavm.de\/en\/wp-json\/wp\/v2\/users\/1"}],"replies":[{"embeddable":true,"href":"https:\/\/wavm.de\/en\/wp-json\/wp\/v2\/comments?post=406"}],"version-history":[{"count":4,"href":"https:\/\/wavm.de\/en\/wp-json\/wp\/v2\/pages\/406\/revisions"}],"predecessor-version":[{"id":565,"href":"https:\/\/wavm.de\/en\/wp-json\/wp\/v2\/pages\/406\/revisions\/565"}],"wp:attachment":[{"href":"https:\/\/wavm.de\/en\/wp-json\/wp\/v2\/media?parent=406"}],"wp:term":[{"taxonomy":"folder","embeddable":true,"href":"https:\/\/wavm.de\/en\/wp-json\/wp\/v2\/folder?post=406"}],"curies":[{"name":"wp","href":"https:\/\/api.w.org\/{rel}","templated":true}]}}