{"id":329,"date":"2020-06-16T19:46:09","date_gmt":"2020-06-16T17:46:09","guid":{"rendered":"https:\/\/worldofaudiovisualmedi.live-website.com\/?page_id=329"},"modified":"2024-11-01T18:59:43","modified_gmt":"2024-11-01T17:59:43","slug":"audio-capture","status":"publish","type":"page","link":"https:\/\/wavm.de\/en\/know-how\/audio-capture","title":{"rendered":"Audio Capture"},"content":{"rendered":"<h2><span style=\"color: #000000;\">1. Mikrofone<\/span><\/h2>\n<p>Mikrofone werden je nach Aufnahme-Technologie in unterschiedliche Kategorien aufgeteilt. Die wichtigsten sind Dynamische Mikrofone, Kondensatormikrofone und Elektretmikrofone. Daneben gibt es eine Aufteilung nach der Richtcharakteristik, die den Aufnahmebereich des Mikrofons festlegen.<\/p>\n<h3>1.1 Mikrofonarten<\/h3>\n<h4>1.1.1 Dynamische Mikrofone<\/h4>\n<p>Dynamische Mikrofon erzeugen elektrische Signale nach dem Prinzip der Induktion, bei der z.B. eine Tauchspule mit einer Membran verbunden ist und in ein Magnetfeld eines Dauermagneten eindringt. Ein dynamisches Mikrofon ben\u00f6tigt keine Versorgungsspannung und ist gut f\u00fcr den Nahbereich geeignet, wird somit gerne im Live-Betrieb als Gesangsmikrofon verwendet. Es besitzt jedoch eine geringe Empfindlichkeit.<\/p>\n<p><img loading=\"lazy\" decoding=\"async\" class=\"wp-image-373 alignright\" src=\"https:\/\/wavm.de\/wp-content\/uploads\/2020\/06\/microphone-861457_1280-300x200.jpg\" alt=\"\" width=\"249\" height=\"166\" srcset=\"https:\/\/wavm.de\/wp-content\/uploads\/2020\/06\/microphone-861457_1280-300x200.jpg 300w, https:\/\/wavm.de\/wp-content\/uploads\/2020\/06\/microphone-861457_1280-1024x682.jpg 1024w, https:\/\/wavm.de\/wp-content\/uploads\/2020\/06\/microphone-861457_1280-768x512.jpg 768w, https:\/\/wavm.de\/wp-content\/uploads\/2020\/06\/microphone-861457_1280.jpg 1280w\" sizes=\"auto, (max-width: 249px) 100vw, 249px\" \/><\/p>\n<ul>\n<li>Keine Versorgungsspannung<\/li>\n<li>Geringe Empfindlichkeit<\/li>\n<li>Robust, gut f\u00fcr Nahbereich, vertr\u00e4gt hohe Schalldr\u00fccke<\/li>\n<li>Gut f\u00fcr Live-Betrieb<\/li>\n<\/ul>\n<p>&nbsp;<\/p>\n<p>&nbsp;<\/p>\n\n\n\n<h4>1.1.2 Kondensatormikrofone<\/h4>\n<p>Ein Kondensatormikrofon nutzt das Prinzip eines Kondensators zur Spannungs\u00e4nderung, in dem eine Platte des Kondensators als Membran genutzt wird. Ein Kondensatormikrofon ben\u00f6tigt eine Versorgungsspannung, auch als Phantomspeisung bezeichnet. Im professionellen Bereich betr\u00e4gt diese meist 48V.<\/p>\n<p><img loading=\"lazy\" decoding=\"async\" class=\"wp-image-374 alignright\" src=\"https:\/\/wavm.de\/wp-content\/uploads\/2020\/06\/1microphone-772573_1280-300x159.jpg\" alt=\"\" width=\"249\" height=\"132\" srcset=\"https:\/\/wavm.de\/wp-content\/uploads\/2020\/06\/1microphone-772573_1280-300x159.jpg 300w, https:\/\/wavm.de\/wp-content\/uploads\/2020\/06\/1microphone-772573_1280-768x407.jpg 768w, https:\/\/wavm.de\/wp-content\/uploads\/2020\/06\/1microphone-772573_1280.jpg 822w\" sizes=\"auto, (max-width: 249px) 100vw, 249px\" \/><\/p>\n<ul>\n<li>Typische Phantomspeisung 48V<\/li>\n<li>Hohe Empfindlichkeit<\/li>\n<li>Hohe Signalqualit\u00e4t<\/li>\n<li>Gut f\u00fcr Studiobetrieb<\/li>\n<\/ul>\n<p>&nbsp;<\/p>\n\n\n\n<h4>1.1.3 Elektret-Kondensatormikrofone (Headsets, Smartphone Mikrofone)<\/h4>\n<p>Elektret-Kondensatormikrofone sind Sonderformen des Kondensatormikrofons. Auf der, der Membran gegen\u00fcberliegenden, Kondensatorplatte ist eine Elektretfolie aufgebracht, die bereits eine elektrische Vorspannung erzeugt. Dadurch sinkt die ben\u00f6tigte Phantomspeisespannung. Elektret-Kondensatormikrofone sind begrenzt im \u00fcbertragbaren Schallpegel, kommen aber mit geringerer Versorgungsspannung von 1-10V aus. Sie werden typischerweise in Headsets und f\u00fcr Smartphones verwendet, hier typischerweise mit Versorgungsspannungen von 2V-4V.<\/p>\n<p><img loading=\"lazy\" decoding=\"async\" class=\"wp-image-375 alignright\" src=\"https:\/\/wavm.de\/wp-content\/uploads\/2020\/06\/Elektretmikrofon-300x165.jpg\" alt=\"\" width=\"249\" height=\"137\" srcset=\"https:\/\/wavm.de\/wp-content\/uploads\/2020\/06\/Elektretmikrofon-300x165.jpg 300w, https:\/\/wavm.de\/wp-content\/uploads\/2020\/06\/Elektretmikrofon-1024x565.jpg 1024w, https:\/\/wavm.de\/wp-content\/uploads\/2020\/06\/Elektretmikrofon-768x424.jpg 768w, https:\/\/wavm.de\/wp-content\/uploads\/2020\/06\/Elektretmikrofon.jpg 1240w\" sizes=\"auto, (max-width: 249px) 100vw, 249px\" \/><\/p>\n<ul>\n<li>Typische Versorgungsspannung 2V-4V<\/li>\n<li>Sehr kompakte Bauweise<\/li>\n<li>Gute Empfindlichkeit<\/li>\n<li>Limitierte Schalldr\u00fccke<\/li>\n<li>Gut f\u00fcr Headsets, Smartphones<\/li>\n<\/ul>\n<p>&nbsp;<\/p>\n\n\n\n<h3>1.2 Richtcharakteristiken<\/h3>\n<p>Mikrofone k\u00f6nnen auch nach Ihrer Richtcharakteristik unterschieden werden. Hier kurz die wichtigsten:<\/p>\n<table style=\"width: 100%; border-collapse: collapse; border-style: solid; border-color: #000000;\">\n<tbody>\n<tr>\n<td style=\"width: 25%; border-style: solid; border-color: #000000; background-color: #c0c0c0; text-align: center;\">\n<p>Kugel (omnidirectional)<\/p>\n<\/td>\n<td style=\"width: 25%; border-style: solid; border-color: #000000; background-color: #c0c0c0; text-align: center;\">Niere<\/td>\n<td style=\"width: 25%; border-style: solid; border-color: #000000; background-color: #c0c0c0; text-align: center;\">Superniere<\/td>\n<td style=\"width: 25%; border-style: solid; border-color: #000000; background-color: #c0c0c0; text-align: center;\">Acht<\/td>\n<\/tr>\n<tr>\n<td style=\"width: 25%; border-style: solid; border-color: #000000; text-align: center;\"><img loading=\"lazy\" decoding=\"async\" class=\"alignnone wp-image-482\" src=\"https:\/\/wavm.de\/wp-content\/uploads\/2020\/06\/Microphone-Kugel.png\" alt=\"\" width=\"150\" height=\"162\"><\/td>\n<td style=\"width: 25%; border-style: solid; border-color: #000000; text-align: center;\"><img loading=\"lazy\" decoding=\"async\" class=\"alignnone wp-image-483\" src=\"https:\/\/wavm.de\/wp-content\/uploads\/2020\/06\/Microphone-Niere.png\" alt=\"\" width=\"159\" height=\"191\"><\/td>\n<td style=\"width: 25%; border-style: solid; border-color: #000000; text-align: center;\"><img loading=\"lazy\" decoding=\"async\" class=\"alignnone wp-image-480\" src=\"https:\/\/wavm.de\/wp-content\/uploads\/2020\/06\/Microphone-SuperNiere.png\" alt=\"\" width=\"150\" height=\"193\"><\/td>\n<td style=\"width: 25%; border-style: solid; border-color: #000000; text-align: center;\"><img loading=\"lazy\" decoding=\"async\" class=\"alignnone wp-image-481\" src=\"https:\/\/wavm.de\/wp-content\/uploads\/2020\/06\/Microphone-Acht.png\" alt=\"\" width=\"150\" height=\"131\"><\/td>\n<\/tr>\n<\/tbody>\n<\/table>\n<p>&nbsp;<\/p>\n\n\n\n<h3>1.3 Stecker<\/h3>\n<h4>1.3.1 XLR Stecker<\/h4>\n<p>XLR Stecker werden im professionellen Bereich eingesetzt und sind sehr robust. Meist werden sie mit symetrischen Signalen belegt (Signal+ = Pin 2) und (Signal- = Pin 3). Im Falle von asymetrischen Signalen wird Pin 3 auf Masse gelegt.<\/p>\n<p><img loading=\"lazy\" decoding=\"async\" class=\"size-medium wp-image-382 alignright\" src=\"https:\/\/wavm.de\/wp-content\/uploads\/2020\/06\/XLR-300x174.png\" alt=\"\" width=\"300\" height=\"174\" srcset=\"https:\/\/wavm.de\/wp-content\/uploads\/2020\/06\/XLR-300x174.png 300w, https:\/\/wavm.de\/wp-content\/uploads\/2020\/06\/XLR-1024x593.png 1024w, https:\/\/wavm.de\/wp-content\/uploads\/2020\/06\/XLR-768x445.png 768w, https:\/\/wavm.de\/wp-content\/uploads\/2020\/06\/XLR-1536x889.png 1536w, https:\/\/wavm.de\/wp-content\/uploads\/2020\/06\/XLR.png 1817w\" sizes=\"auto, (max-width: 300px) 100vw, 300px\" \/><\/p>\n<table style=\"height: 148px; width: 148px; border-collapse: collapse; border-color: #000000; border-style: solid;\">\n<thead>\n<tr style=\"height: 37px;\">\n<td style=\"width: 16.5839%; height: 37px; border-style: solid; border-color: #000000; background-color: #c0c0c0;\">Pin \u00a0\u00a0\u00a0\u00a0\u00a0\u00a0\u00a0<\/td>\n<td style=\"width: 3.11527%; height: 37px; border-style: solid; border-color: #000000; background-color: #c0c0c0;\">Symetrisches Mono-Signal<\/td>\n<td style=\"width: 11.0057%; height: 37px; border-style: solid; border-color: #000000; background-color: #c0c0c0;\">Unsymetrisches Mono-Signal<\/td>\n<\/tr>\n<\/thead>\n<tbody>\n<tr style=\"height: 20px;\">\n<td style=\"width: 16.5839%; height: 37px; border-style: solid; border-color: #000000;\">1<\/td>\n<td style=\"width: 3.11527%; height: 37px; border-style: solid; border-color: #000000;\">Masse<\/td>\n<td style=\"width: 11.0057%; height: 37px; border-style: solid; border-color: #000000;\">Masse<\/td>\n<\/tr>\n<tr style=\"height: 20px;\">\n<td style=\"width: 16.5839%; height: 37px; border-style: solid; border-color: #000000;\">2<\/td>\n<td style=\"width: 3.11527%; height: 37px; border-style: solid; border-color: #000000;\">Signal +<\/td>\n<td style=\"width: 11.0057%; height: 37px; border-style: solid; border-color: #000000;\">Signal +<\/td>\n<\/tr>\n<tr style=\"height: 20px;\">\n<td style=\"width: 16.5839%; height: 37px; border-style: solid; border-color: #000000;\">3<\/td>\n<td style=\"width: 3.11527%; height: 37px; border-style: solid; border-color: #000000;\">Signal &#8211;<\/td>\n<td style=\"width: 11.0057%; height: 37px; border-style: solid; border-color: #000000;\">Masse<\/td>\n<\/tr>\n<\/tbody>\n<\/table>\n<p><img loading=\"lazy\" decoding=\"async\" class=\"alignnone size-medium wp-image-380\" src=\"https:\/\/wavm.de\/wp-content\/uploads\/2020\/06\/music-697624_1280-300x200.jpg\" alt=\"\" width=\"300\" height=\"200\" srcset=\"https:\/\/wavm.de\/wp-content\/uploads\/2020\/06\/music-697624_1280-300x200.jpg 300w, https:\/\/wavm.de\/wp-content\/uploads\/2020\/06\/music-697624_1280-1024x682.jpg 1024w, https:\/\/wavm.de\/wp-content\/uploads\/2020\/06\/music-697624_1280-768x512.jpg 768w, https:\/\/wavm.de\/wp-content\/uploads\/2020\/06\/music-697624_1280.jpg 1280w\" sizes=\"auto, (max-width: 300px) 100vw, 300px\" \/>\u00a0\u00a0\u00a0\u00a0\u00a0\u00a0\u00a0\u00a0\u00a0\u00a0\u00a0\u00a0\u00a0\u00a0\u00a0\u00a0<\/p>\n<h4>1.3.2 6,35 mm Klinckenstecker<\/h4>\n<p>Klinkenstecker sind h\u00e4ufig verwendete Stecker im professionellen aber auch Consumer-Bereich. Je nach Anwendungsart \u00fcbertragen sie Stereo-Signale (Links\/Rechts), symetrische Signale (+\/-) oder auch nur ein Mono-Signal (&#8220;hot&#8221;) gegen Masse.<\/p>\n<p><img loading=\"lazy\" decoding=\"async\" class=\"size-medium wp-image-438 alignright\" src=\"https:\/\/wavm.de\/wp-content\/uploads\/2020\/06\/jack-861482_1280-300x200.jpg\" alt=\"\" width=\"300\" height=\"200\" srcset=\"https:\/\/wavm.de\/wp-content\/uploads\/2020\/06\/jack-861482_1280-300x200.jpg 300w, https:\/\/wavm.de\/wp-content\/uploads\/2020\/06\/jack-861482_1280-1024x682.jpg 1024w, https:\/\/wavm.de\/wp-content\/uploads\/2020\/06\/jack-861482_1280-768x512.jpg 768w, https:\/\/wavm.de\/wp-content\/uploads\/2020\/06\/jack-861482_1280.jpg 1280w\" sizes=\"auto, (max-width: 300px) 100vw, 300px\" \/><\/p>\n<table style=\"height: 208px; width: 48.5299%; border-collapse: collapse; border-style: solid; border-color: #000000;\">\n<tbody>\n<tr style=\"height: 58px; background-color: #c0c0c0;\">\n<td style=\"height: 58px; border-style: solid; border-color: #000000; background-color: #c0c0c0; width: 31.4999%;\">Pin\u00a0\u00a0\u00a0\u00a0\u00a0\u00a0\u00a0\u00a0\u00a0\u00a0 \u00a0 \u00a0 \u00a0 \u00a0 \u00a0\u00a0 \u00a0\u00a0\u00a0\u00a0\u00a0\u00a0\u00a0\u00a0<\/td>\n<td style=\"width: 8.23062%; height: 58px; border-style: solid; border-color: #000000; background-color: #c0c0c0;\">Symetrisches Mono-Signal<\/td>\n<td style=\"width: 8.00558%; height: 58px; border-style: solid; border-color: #000000; background-color: #c0c0c0;\">Unsymetrisches Mono-Signal<\/td>\n<td style=\"width: 25.2065%; height: 58px; border-style: solid; border-color: #000000; background-color: #c0c0c0;\">Unsymetrisches Stereo-Signal<\/td>\n<\/tr>\n<tr style=\"height: 37px;\">\n<td style=\"height: 37px; border-style: solid; border-color: #000000; width: 31.4999%;\">1 (T=Tip\/Spitze)<\/td>\n<td style=\"width: 8.23062%; height: 37px; border-style: solid; border-color: #000000;\">Signal +<\/td>\n<td style=\"width: 8.00558%; height: 37px; border-style: solid; border-color: #000000;\">Signal +<\/td>\n<td style=\"width: 25.2065%; height: 37px; border-style: solid; border-color: #000000;\">Links<\/td>\n<\/tr>\n<tr style=\"height: 39px;\">\n<td style=\"height: 39px; border-style: solid; border-color: #000000; width: 31.4999%;\">2 (R=Ring)<\/td>\n<td style=\"width: 8.23062%; height: 39px; border-style: solid; border-color: #000000;\">Signal &#8211;<\/td>\n<td style=\"width: 8.00558%; height: 39px; border-style: solid; border-color: #000000;\">Masse<\/td>\n<td style=\"width: 25.2065%; height: 39px; border-style: solid; border-color: #000000;\">Rechts<\/td>\n<\/tr>\n<tr style=\"height: 37px;\">\n<td style=\"height: 37px; border-style: solid; border-color: #000000; width: 31.4999%;\">3 (S=Schaft)<\/td>\n<td style=\"width: 8.23062%; height: 37px; border-style: solid; border-color: #000000;\">Masse<\/td>\n<td style=\"width: 8.00558%; height: 37px; border-style: solid; border-color: #000000;\">Masse<\/td>\n<td style=\"width: 25.2065%; height: 37px; border-style: solid; border-color: #000000;\">Masse<\/td>\n<\/tr>\n<\/tbody>\n<\/table>\n<h4>1.3.3 3,5 mm Klinckenstecker (Mini-Klincke)<\/h4>\n<p>3,5mm Klinkenstecker sind eher im Consumer-Bereich und in Verbindung mit Elektret-Kondensatormikrofonenzu finden . Die gebr\u00e4uchlichsten sind 3-polige (TRS) und 4 -polige (TRRS) Stecker.<\/p>\n<p>Bei den 3-poligen Steckern (TRS) ist die Belegung wie bei 6,35 mm Klinckensteckern. D.h. bei einem unsymetrischen Signal tr\u00e4gt die Spitze das Mikrofonsignal. In der Regel ist auch die Speisespannung dort eingebracht (Tonaderspeisung).<\/p>\n<p>Bei Headsets werden meist 4-polige Stecker (TRRS) eingesetzt. Durch den zus\u00e4tzlichen Ring k\u00f6nnen linker und rechter Kanal des Kopfh\u00f6rers und das Mikrofonsignal \u00fcbertragen werden. Die Pinbelegung ist heute \u00fcblicherweise gem\u00e4\u00df CTIA Norm.<\/p>\n<p><img loading=\"lazy\" decoding=\"async\" class=\"size-medium wp-image-471 alignright\" src=\"https:\/\/wavm.de\/wp-content\/uploads\/2020\/06\/IMG_00541-300x197.jpg\" alt=\"\" width=\"300\" height=\"197\" srcset=\"https:\/\/wavm.de\/wp-content\/uploads\/2020\/06\/IMG_00541-300x197.jpg 300w, https:\/\/wavm.de\/wp-content\/uploads\/2020\/06\/IMG_00541-768x503.jpg 768w, https:\/\/wavm.de\/wp-content\/uploads\/2020\/06\/IMG_00541.jpg 900w\" sizes=\"auto, (max-width: 300px) 100vw, 300px\" \/><\/p>\n<table style=\"height: 236px; width: 41.8966%; border-style: solid; border-color: #000000;\">\n<tbody>\n<tr>\n<td style=\"width: 25.068%; border-style: solid; border-color: #000000; background-color: #c0c0c0;\">Pin\u00a0\u00a0\u00a0\u00a0\u00a0\u00a0\u00a0\u00a0\u00a0\u00a0 \u00a0 \u00a0 \u00a0 \u00a0 \u00a0\u00a0 \u00a0\u00a0\u00a0\u00a0\u00a0\u00a0\u00a0\u00a0<\/td>\n<td style=\"width: 31.3144%; border-style: solid; border-color: #000000; background-color: #c0c0c0;\">CTIA<\/td>\n<\/tr>\n<tr>\n<td style=\"width: 25.068%; border-style: solid; border-color: #000000;\">1 (T=Tip\/Spitze)<\/td>\n<td style=\"width: 31.3144%; border-style: solid; border-color: #000000;\">Linkes Tonsignal<\/td>\n<\/tr>\n<tr>\n<td style=\"width: 25.068%; border-style: solid; border-color: #000000;\">2 (R=Ring)<\/td>\n<td style=\"width: 31.3144%; border-style: solid; border-color: #000000;\">Rechtes Tonsignal<\/td>\n<\/tr>\n<tr>\n<td style=\"width: 25.068%; border-style: solid; border-color: #000000;\">3 (R=Ring)<\/td>\n<td style=\"width: 31.3144%; border-style: solid; border-color: #000000;\">Masse<\/td>\n<\/tr>\n<tr>\n<td style=\"width: 25.068%; border-style: solid; border-color: #000000;\">4 (S=Schaft)<\/td>\n<td style=\"width: 31.3144%; border-style: solid; border-color: #000000;\">Mikrofon (mit Tonaderspeisung)<\/td>\n<\/tr>\n<\/tbody>\n<\/table>\n<p>Zum Anschlu\u00df eines Elektret-Kondensatormikrofons mit 4-poligem Stecker an einer DSLR-Kamera ben\u00f6tigt man einen Adapter, der das Signal des Mikrofons von Pin 4 des 4-poligen Steckers\/Buchse auf Pin 1 des 3-poligen Steckers umroutet.<\/p>\n<p><img loading=\"lazy\" decoding=\"async\" class=\"alignnone size-medium wp-image-478\" src=\"https:\/\/wavm.de\/wp-content\/uploads\/2020\/06\/Adapter4zu3pol-300x82.png\" alt=\"\" width=\"300\" height=\"82\" srcset=\"https:\/\/wavm.de\/wp-content\/uploads\/2020\/06\/Adapter4zu3pol-300x82.png 300w, https:\/\/wavm.de\/wp-content\/uploads\/2020\/06\/Adapter4zu3pol-768x210.png 768w, https:\/\/wavm.de\/wp-content\/uploads\/2020\/06\/Adapter4zu3pol.png 936w\" sizes=\"auto, (max-width: 300px) 100vw, 300px\" \/><\/p>\n\n\n\n<p><\/p>","protected":false},"excerpt":{"rendered":"<p>1. Mikrofone Mikrofone werden je nach Aufnahme-Technologie in unterschiedliche Kategorien aufgeteilt. Die wichtigsten sind Dynamische Mikrofone, Kondensatormikrofone und Elektretmikrofone. Daneben gibt es eine Aufteilung nach der Richtcharakteristik, die den Aufnahmebereich des Mikrofons festlegen. 1.1 Mikrofonarten 1.1.1 Dynamische Mikrofone Dynamische Mikrofon erzeugen elektrische Signale nach dem Prinzip der Induktion, bei der z.B. eine Tauchspule mit einer &#8230; <a title=\"Audio Capture\" class=\"read-more\" href=\"https:\/\/wavm.de\/en\/know-how\/audio-capture\" aria-label=\"Read more about Audio Capture\">Read more<\/a><\/p>","protected":false},"author":1,"featured_media":0,"parent":320,"menu_order":0,"comment_status":"closed","ping_status":"closed","template":"","meta":{"footnotes":""},"folder":[],"class_list":["post-329","page","type-page","status-publish"],"_links":{"self":[{"href":"https:\/\/wavm.de\/en\/wp-json\/wp\/v2\/pages\/329","targetHints":{"allow":["GET"]}}],"collection":[{"href":"https:\/\/wavm.de\/en\/wp-json\/wp\/v2\/pages"}],"about":[{"href":"https:\/\/wavm.de\/en\/wp-json\/wp\/v2\/types\/page"}],"author":[{"embeddable":true,"href":"https:\/\/wavm.de\/en\/wp-json\/wp\/v2\/users\/1"}],"replies":[{"embeddable":true,"href":"https:\/\/wavm.de\/en\/wp-json\/wp\/v2\/comments?post=329"}],"version-history":[{"count":86,"href":"https:\/\/wavm.de\/en\/wp-json\/wp\/v2\/pages\/329\/revisions"}],"predecessor-version":[{"id":605,"href":"https:\/\/wavm.de\/en\/wp-json\/wp\/v2\/pages\/329\/revisions\/605"}],"up":[{"embeddable":true,"href":"https:\/\/wavm.de\/en\/wp-json\/wp\/v2\/pages\/320"}],"wp:attachment":[{"href":"https:\/\/wavm.de\/en\/wp-json\/wp\/v2\/media?parent=329"}],"wp:term":[{"taxonomy":"folder","embeddable":true,"href":"https:\/\/wavm.de\/en\/wp-json\/wp\/v2\/folder?post=329"}],"curies":[{"name":"wp","href":"https:\/\/api.w.org\/{rel}","templated":true}]}}